{"id":3,"date":"2021-03-17T21:55:28","date_gmt":"2021-03-17T20:55:28","guid":{"rendered":"http:\/\/qnr.fr\/?page_id=3"},"modified":"2021-05-04T18:48:57","modified_gmt":"2021-05-04T16:48:57","slug":"conditions-generales-dutilisation","status":"publish","type":"page","link":"https:\/\/qnr.fr\/index.php\/conditions-generales-dutilisation\/","title":{"rendered":"Conditions g\u00e9n\u00e9rales d&#8217;utilisation"},"content":{"rendered":"<p>Merci de lire attentivement les pr\u00e9sentes modalit\u00e9s d&#8217;utilisation du pr\u00e9sent site avant de le parcourir. En vous connectant sur ce site, vous acceptez sans r\u00e9serve les pr\u00e9sentes modalit\u00e9s.<\/p>\n<p><b>Editeur du site\u00a0:<\/b><\/p>\n<p><b>QNR D\u00c9VELOPPEMENT<\/b><\/p>\n<p><span>451 Chemin du CLAP<\/span><\/p>\n<p>34\u00a0140 BOUZIGUES<br \/>France<br \/>T\u00e9l. : + 33 (0)6 09 20 01 46<br \/><span><a href=\"https:\/\/qnr.fr\/\" target=\"_blank\" data-saferedirecturl=\"https:\/\/www.google.com\/url?q=https:\/\/qnr.fr&amp;source=gmail&amp;ust=1620230814417000&amp;usg=AFQjCNGDNxkKJjhl1ryr_7dyBaHKCgAdVA\" rel=\"noopener\">https:\/\/qnr.fr<\/a><\/span><\/p>\n<p><a href=\"mailto:info@qnr.fr%0b\" target=\"_blank\" rel=\"noopener\">info@qnr.fr<br \/><\/a>SASU au capital de 10.000 \u20acuros<br \/>RCS Montpellier 878\u00a0015 585<\/p>\n<p>Directeur de la publication\u00a0: Mr Fr\u00e9d\u00e9ric QUINONERO<\/p>\n<p><a href=\"mailto:frederic@qnr.fr\" target=\"_blank\" rel=\"noopener\">frederic@qnr.fr<\/a><\/p>\n<p><b>H\u00e9bergeur :\u00a0<\/b><span>OVH<\/span><\/p>\n<p><b>Tous droits r\u00e9serv\u00e9s :<\/b><\/p>\n<p>Tout utilisateur du site Internet de la soci\u00e9t\u00e9 QNR D\u00c9VELOPPEMENT est consid\u00e9r\u00e9 comme ayant accept\u00e9 l&#8217;application des lois fran\u00e7aises actuellement en vigueur. Il est tenu de respecter les dispositions de la loi Informatique et libert\u00e9s dont la violation est passible de sanctions p\u00e9nales.\u00a0<\/p>\n<p>L&#8217;ensemble des \u00e9l\u00e9ments composant ce site sont la propri\u00e9t\u00e9 exclusive la soci\u00e9t\u00e9 QNR D\u00c9VELOPPEMENT<\/p>\n<p>Ce site est une \u0153uvre prot\u00e9g\u00e9e par la l\u00e9gislation sur la propri\u00e9t\u00e9 intellectuelle. Seule une utilisation \u00e0 des fins strictement personnelles est autoris\u00e9e.<\/p>\n<p>L&#8217;ensemble de ce site rel\u00e8ve de la l\u00e9gislation fran\u00e7aise et internationale sur le droit d&#8217;auteur et la propri\u00e9t\u00e9 intellectuelle. Tous les droits de reproduction sont r\u00e9serv\u00e9s, y compris pour les documents t\u00e9l\u00e9chargeables et les repr\u00e9sentations iconographiques et photographiques.\u00a0<\/p>\n<p>La reproduction de tout ou partie de ce site sur quelque support que ce soit est formellement interdite sauf autorisation expresse de la soci\u00e9t\u00e9 QNR D\u00c9VELOPPEMENT<\/p>\n<p>Malgr\u00e9 tous les soins apport\u00e9s \u00e0 la r\u00e9alisation de ce site et \u00e0 son actualisation r\u00e9guli\u00e8re, des erreurs peuvent s&#8217;\u00eatre gliss\u00e9es dans les informations et\/ou documents pr\u00e9sent\u00e9s. Les utilisateurs du site proc\u00e9deront donc \u00e0 toutes v\u00e9rifications utiles.<\/p>\n<p><b>Informatique et Libert\u00e9s :<\/b><\/p>\n<p>Conform\u00e9ment aux lois en vigueur, les informations collect\u00e9es par le biais de nos formulaires sont exclusivement communiqu\u00e9es \u00e0 la soci\u00e9t\u00e9 QNR D\u00c9VELOPPEMENT<br \/>et ne sont communiqu\u00e9es \u00e0 aucun tiers. Les utilisateurs sont inform\u00e9s qu&#8217;ils disposent d&#8217;un droit d&#8217;acc\u00e8s, de modification, de rectification et de suppression des donn\u00e9es qui les concernent (art. 34 et suivants de la loi du 06\/01\/78 Informatique et Libert\u00e9s). Pour exercer ce droit, il suffit d&#8217;\u00e9crire au Directeur de la publication \u00e0 l&#8217;adresse suivante : Fr\u00e9d\u00e9ric QUINONERO \u2013 451 Chemin du CLAP \u2013 34140 BOUZIGUES en nous indiquant nom, pr\u00e9nom et adresse.<\/p>\n<p><b>Avertissement :<\/b><\/p>\n<p>Il appartient \u00e0 l&#8217;utilisateur de ce site de prendre toutes les mesures appropri\u00e9es de fa\u00e7on \u00e0 prot\u00e9ger ses propres donn\u00e9es et\/ou logiciels de la contamination par d&#8217;\u00e9ventuels virus circulant sur le r\u00e9seau Internet. La soci\u00e9t\u00e9 QNR D\u00c9VELOPPEMENT d\u00e9cline toute responsabilit\u00e9 \u00e0 un \u00e9ventuel dommage survenu pendant la consultation ou apr\u00e8s un t\u00e9l\u00e9chargement effectu\u00e9 \u00e0 partir du pr\u00e9sent site.<\/p>\n<p>L&#8217;utilisateur reconna\u00eet avoir \u00e9t\u00e9 inform\u00e9 que le pr\u00e9sent site est accessible 24 heures sur 24 et 7 jours sur 7, \u00e0 l&#8217;exception des cas de force majeure, difficult\u00e9s informatiques ou difficult\u00e9s techniques.<\/p>\n<p>Nous ne pouvons assurer la confidentialit\u00e9 des messages que vous pouvez nous adresser transitant par un r\u00e9seau ouvert de t\u00e9l\u00e9communications.<\/p>\n<p>Les liens vers d&#8217;autres sites ne sont communiqu\u00e9s qu&#8217;\u00e0 titre indicatif et ne sauraient en aucun cas engager la responsabilit\u00e9 de la soci\u00e9t\u00e9 QNR D\u00c9VELOPPEMENT , tant en ce qui concerne leur contenu que les conditions d&#8217;acc\u00e8s. A l&#8217;inverse, l&#8217;\u00e9tablissement de liens vers une ou plusieurs page(s) du site de la soci\u00e9t\u00e9 QNR D D\u00c9VELOPPEMENT n\u2019est autoris\u00e9 qu&#8217;apr\u00e8s demande envoy\u00e9e au Directeur de la publication.<\/p>\n<p><b>Contactez-nous\u00a0:<\/b><\/p>\n<p>QNR D\u00c9VELOPPEMENT est \u00e0 votre disposition pour tous vos commentaires ou suggestions.\u00a0<\/p>\n<p>Vous pouvez nous \u00e9crire par courrier \u00e9lectronique \u00e0\u00a0:<\/p>\n<p><a href=\"mailto:frederic@qnr.fr\" target=\"_blank\" rel=\"noopener\">frederic@qnr.fr<\/a><\/p>\n","protected":false},"excerpt":{"rendered":"<p>Merci de lire attentivement les pr\u00e9sentes modalit\u00e9s d&#8217;utilisation du pr\u00e9sent site avant de le parcourir. En vous connectant sur ce site, vous acceptez sans r\u00e9serve les pr\u00e9sentes modalit\u00e9s. Editeur du site\u00a0: QNR D\u00c9VELOPPEMENT 451 Chemin du CLAP 34\u00a0140 BOUZIGUESFranceT\u00e9l. : + 33 (0)6 09 20 01 46https:\/\/qnr.fr info@qnr.frSASU au capital de 10.000 \u20acurosRCS Montpellier 878\u00a0015 [&hellip;]<\/p>\n","protected":false},"author":1,"featured_media":0,"parent":0,"menu_order":0,"comment_status":"closed","ping_status":"open","template":"","meta":[],"_links":{"self":[{"href":"https:\/\/qnr.fr\/index.php\/wp-json\/wp\/v2\/pages\/3"}],"collection":[{"href":"https:\/\/qnr.fr\/index.php\/wp-json\/wp\/v2\/pages"}],"about":[{"href":"https:\/\/qnr.fr\/index.php\/wp-json\/wp\/v2\/types\/page"}],"author":[{"embeddable":true,"href":"https:\/\/qnr.fr\/index.php\/wp-json\/wp\/v2\/users\/1"}],"replies":[{"embeddable":true,"href":"https:\/\/qnr.fr\/index.php\/wp-json\/wp\/v2\/comments?post=3"}],"version-history":[{"count":0,"href":"https:\/\/qnr.fr\/index.php\/wp-json\/wp\/v2\/pages\/3\/revisions"}],"wp:attachment":[{"href":"https:\/\/qnr.fr\/index.php\/wp-json\/wp\/v2\/media?parent=3"}],"curies":[{"name":"wp","href":"https:\/\/api.w.org\/{rel}","templated":true}]}}